{"id":11092,"date":"2025-10-21T05:32:14","date_gmt":"2025-10-21T05:32:14","guid":{"rendered":"https:\/\/wecare.gcode.com.mx\/?post_type=product&#038;p=11092"},"modified":"2025-10-22T13:26:20","modified_gmt":"2025-10-22T13:26:20","slug":"bolsa-para-mascotas-1-rollo-con-dispensador","status":"publish","type":"product","link":"https:\/\/wecareproducts.eco\/es\/producto\/bolsa-para-mascotas-1-rollo-con-dispensador\/","title":{"rendered":"Bolsa para mascotas 1 rollo con dispensador"},"content":{"rendered":"","protected":false},"excerpt":{"rendered":"<p>Nuestras bolsas para mascotas est\u00e1n hechas de PBAT, un biopol\u00edmero compostable de \u00faltima generaci\u00f3n que se reintegra a la naturaleza en poco tiempo, reduciendo su impacto ambiental.<\/p>\n<hr>\n<p><strong>Medida\/Capacidad<\/strong><\/p>\n<p>1 rollo + Dispensador<\/p>\n<hr>\n<p><strong>Material<\/strong><\/p>\n<p>PBAT<\/p>\n","protected":false},"featured_media":11130,"template":"","meta":{"_joinchat":[]},"product_brand":[],"product_cat":[73,82],"product_tag":[],"class_list":{"0":"post-11092","1":"product","2":"type-product","3":"status-publish","4":"has-post-thumbnail","6":"product_cat-bolsas","7":"product_cat-bolsas-de-basura","9":"first","10":"instock","11":"shipping-taxable","12":"product-type-simple"},"_links":{"self":[{"href":"https:\/\/wecareproducts.eco\/es\/wp-json\/wp\/v2\/product\/11092","targetHints":{"allow":["GET"]}}],"collection":[{"href":"https:\/\/wecareproducts.eco\/es\/wp-json\/wp\/v2\/product"}],"about":[{"href":"https:\/\/wecareproducts.eco\/es\/wp-json\/wp\/v2\/types\/product"}],"wp:featuredmedia":[{"embeddable":true,"href":"https:\/\/wecareproducts.eco\/es\/wp-json\/wp\/v2\/media\/11130"}],"wp:attachment":[{"href":"https:\/\/wecareproducts.eco\/es\/wp-json\/wp\/v2\/media?parent=11092"}],"wp:term":[{"taxonomy":"product_brand","embeddable":true,"href":"https:\/\/wecareproducts.eco\/es\/wp-json\/wp\/v2\/product_brand?post=11092"},{"taxonomy":"product_cat","embeddable":true,"href":"https:\/\/wecareproducts.eco\/es\/wp-json\/wp\/v2\/product_cat?post=11092"},{"taxonomy":"product_tag","embeddable":true,"href":"https:\/\/wecareproducts.eco\/es\/wp-json\/wp\/v2\/product_tag?post=11092"}],"curies":[{"name":"wp","href":"https:\/\/api.w.org\/{rel}","templated":true}]}}