{"id":11217,"date":"2026-01-23T21:53:34","date_gmt":"2026-01-23T21:53:34","guid":{"rendered":"https:\/\/wecareproducts.eco\/es\/?page_id=11217"},"modified":"2026-01-23T22:03:39","modified_gmt":"2026-01-23T22:03:39","slug":"terminos-y-condiciones","status":"publish","type":"page","link":"https:\/\/wecareproducts.eco\/es\/terminos-y-condiciones\/","title":{"rendered":"T\u00e9rminos y condiciones"},"content":{"rendered":"<div class=\"wpb-content-wrapper\"><p>[vc_row][vc_column][vc_column_text]<\/p>\n<ol>\n<li><b><span data-contrast=\"auto\"> INTRODUCCI\u00d3N<\/span><\/b><\/li>\n<\/ol>\n<p><span data-contrast=\"auto\">Bienvenido al sitio web de\u00a0<\/span><b><span data-contrast=\"auto\">WECARE PRODUCTS<\/span><\/b><span data-contrast=\"auto\">, accesible a trav\u00e9s de\u00a0<\/span><a href=\"https:\/\/www.wecareproducts.eco\/\"><b><span data-contrast=\"none\">https:\/\/www.wecareproducts.eco<\/span><\/b><\/a><span data-contrast=\"auto\">\u00a0(en adelante, el \u201cSitio Web\u201d).<\/span><span data-ccp-props=\"{&quot;134233117&quot;:true,&quot;134233118&quot;:true,&quot;201341983&quot;:0,&quot;335559740&quot;:240}\">\u00a0<\/span><\/p>\n<p><span data-contrast=\"auto\">Al acceder, navegar y utilizar este Sitio Web, usted acepta de manera expresa y sin reservas los presentes\u00a0<\/span><b><span data-contrast=\"auto\">T\u00e9rminos y Condiciones<\/span><\/b><span data-contrast=\"auto\">. En caso de no estar de acuerdo con ellos, deber\u00e1 abstenerse de utilizar el Sitio Web y los servicios ofrecidos.<\/span><span data-ccp-props=\"{&quot;134233117&quot;:true,&quot;134233118&quot;:true,&quot;201341983&quot;:0,&quot;335559740&quot;:240}\">\u00a0<\/span><\/p>\n<ol start=\"2\">\n<li><b><span data-contrast=\"auto\"> IDENTIFICACI\u00d3N DEL RESPONSABLE<\/span><\/b><\/li>\n<\/ol>\n<p><b><span data-contrast=\"auto\">WECARE PRODUCTS<\/span><\/b><span data-contrast=\"auto\">\u00a0es una marca operada por\u00a0<\/span><b><span data-contrast=\"auto\">IBALMA, S.A. DE C.V.<\/span><\/b><span data-contrast=\"auto\">, sociedad constituida conforme a las leyes mexicanas, con domicilio en\u00a0<\/span><b><span data-contrast=\"auto\">Av. Magnolias 303, Bodega 3, Colonia Nuevo M\u00e9xico, C\u00f3digo Postal 45138, Zapopan, Jalisco, M\u00e9xico<\/span><\/b><span data-contrast=\"auto\">.<\/span><span data-ccp-props=\"{&quot;134233117&quot;:true,&quot;134233118&quot;:true,&quot;201341983&quot;:0,&quot;335559740&quot;:240}\">\u00a0<\/span><\/p>\n<ol start=\"3\">\n<li><b><span data-contrast=\"auto\"> DEFINICI\u00d3N DE LOS SERVICIOS<\/span><\/b><\/li>\n<\/ol>\n<p><span data-contrast=\"auto\">WECARE PRODUCTS ofrece soluciones para la\u00a0<\/span><b><span data-contrast=\"auto\">venta y distribuci\u00f3n de materiales desechables\u00a0compostables<\/span><\/b><span data-contrast=\"auto\">, elaborados con materiales de origen natural, dirigidos principalmente a la industria alimentaria, comercial y de servicios.<\/span><span data-ccp-props=\"{&quot;134233117&quot;:true,&quot;134233118&quot;:true,&quot;201341983&quot;:0,&quot;335559740&quot;:240}\">\u00a0<\/span><\/p>\n<p><span data-contrast=\"auto\">El cat\u00e1logo de productos se encuentra disponible a trav\u00e9s del Sitio Web, el cual incluye un\u00a0<\/span><b><span data-contrast=\"auto\">sistema de comercio electr\u00f3nico (e-commerce)<\/span><\/b><span data-contrast=\"auto\">\u00a0para compras en l\u00ednea, as\u00ed como una red de centros de distribuci\u00f3n a nivel nacional que permite realizar entregas dentro del territorio mexicano.<\/span><span data-ccp-props=\"{&quot;134233117&quot;:true,&quot;134233118&quot;:true,&quot;201341983&quot;:0,&quot;335559740&quot;:240}\">\u00a0<\/span><\/p>\n<p><span data-contrast=\"auto\">Los servicios est\u00e1n dirigidos a empresas, restaurantes y comercios que requieren productos desechables de alta calidad y desempe\u00f1o.<\/span><span data-ccp-props=\"{&quot;134233117&quot;:true,&quot;134233118&quot;:true,&quot;201341983&quot;:0,&quot;335559740&quot;:240}\">\u00a0<\/span><\/p>\n<ol start=\"4\">\n<li><b><span data-contrast=\"auto\"> USO DEL SITIO WEB Y DE LOS SERVICIOS<\/span><\/b><\/li>\n<\/ol>\n<p><span data-contrast=\"auto\">El usuario se obliga a utilizar el Sitio Web de forma l\u00edcita, responsable y conforme a los presentes T\u00e9rminos y Condiciones, absteni\u00e9ndose de realizar cualquier acci\u00f3n que:<\/span><span data-ccp-props=\"{&quot;134233117&quot;:true,&quot;134233118&quot;:true,&quot;201341983&quot;:0,&quot;335559740&quot;:240}\">\u00a0<\/span><\/p>\n<ul>\n<li aria-setsize=\"-1\" data-leveltext=\"\uf0b7\" data-font=\"Symbol\" data-listid=\"1\" data-list-defn-props=\"{&quot;335552541&quot;:1,&quot;335559685&quot;:720,&quot;335559991&quot;:360,&quot;469769226&quot;:&quot;Symbol&quot;,&quot;469769242&quot;:[8226],&quot;469777803&quot;:&quot;left&quot;,&quot;469777804&quot;:&quot;\uf0b7&quot;,&quot;469777815&quot;:&quot;multilevel&quot;}\" data-aria-posinset=\"1\" data-aria-level=\"1\"><span data-contrast=\"auto\">Da\u00f1e, sobrecargue o afecte el funcionamiento del Sitio Web<\/span><span data-ccp-props=\"{&quot;134233117&quot;:true,&quot;134233118&quot;:true,&quot;201341983&quot;:0,&quot;335559740&quot;:240}\">\u00a0<\/span><\/li>\n<\/ul>\n<ul>\n<li aria-setsize=\"-1\" data-leveltext=\"\uf0b7\" data-font=\"Symbol\" data-listid=\"1\" data-list-defn-props=\"{&quot;335552541&quot;:1,&quot;335559685&quot;:720,&quot;335559991&quot;:360,&quot;469769226&quot;:&quot;Symbol&quot;,&quot;469769242&quot;:[8226],&quot;469777803&quot;:&quot;left&quot;,&quot;469777804&quot;:&quot;\uf0b7&quot;,&quot;469777815&quot;:&quot;multilevel&quot;}\" data-aria-posinset=\"2\" data-aria-level=\"1\"><span data-contrast=\"auto\">Vulnere derechos de WECARE PRODUCTS o de terceros<\/span><span data-ccp-props=\"{&quot;134233117&quot;:true,&quot;134233118&quot;:true,&quot;201341983&quot;:0,&quot;335559740&quot;:240}\">\u00a0<\/span><\/li>\n<\/ul>\n<ul>\n<li aria-setsize=\"-1\" data-leveltext=\"\uf0b7\" data-font=\"Symbol\" data-listid=\"1\" data-list-defn-props=\"{&quot;335552541&quot;:1,&quot;335559685&quot;:720,&quot;335559991&quot;:360,&quot;469769226&quot;:&quot;Symbol&quot;,&quot;469769242&quot;:[8226],&quot;469777803&quot;:&quot;left&quot;,&quot;469777804&quot;:&quot;\uf0b7&quot;,&quot;469777815&quot;:&quot;multilevel&quot;}\" data-aria-posinset=\"3\" data-aria-level=\"1\"><span data-contrast=\"auto\">Introduzca virus,\u00a0malware\u00a0o cualquier otro c\u00f3digo da\u00f1ino<\/span><span data-ccp-props=\"{&quot;134233117&quot;:true,&quot;134233118&quot;:true,&quot;201341983&quot;:0,&quot;335559740&quot;:240}\">\u00a0<\/span><\/li>\n<\/ul>\n<p><span data-contrast=\"auto\">WECARE PRODUCTS se reserva el derecho de\u00a0<\/span><b><span data-contrast=\"auto\">suspender o cancelar el acceso<\/span><\/b><span data-contrast=\"auto\">\u00a0al Sitio Web y\/o a sus servicios cuando detecte un uso indebido o un incumplimiento a estos T\u00e9rminos.<\/span><span data-ccp-props=\"{&quot;134233117&quot;:true,&quot;134233118&quot;:true,&quot;201341983&quot;:0,&quot;335559740&quot;:240}\">\u00a0<\/span><\/p>\n<ol start=\"5\">\n<li><b><span data-contrast=\"auto\"> PROPIEDAD INTELECTUAL<\/span><\/b><\/li>\n<\/ol>\n<p><span data-contrast=\"auto\">Todos los contenidos del Sitio Web, incluyendo de manera enunciativa m\u00e1s no limitativa textos, im\u00e1genes, fotograf\u00edas, logotipos, marcas, dise\u00f1os, gr\u00e1ficos y material audiovisual, son propiedad de WECARE PRODUCTS o cuentan con las licencias correspondientes.<\/span><span data-ccp-props=\"{&quot;134233117&quot;:true,&quot;134233118&quot;:true,&quot;201341983&quot;:0,&quot;335559740&quot;:240}\">\u00a0<\/span><\/p>\n<p><span data-contrast=\"auto\">Queda estrictamente prohibida su reproducci\u00f3n, distribuci\u00f3n, modificaci\u00f3n o explotaci\u00f3n sin autorizaci\u00f3n previa y por escrito de WECARE PRODUCTS.<\/span><span data-ccp-props=\"{&quot;134233117&quot;:true,&quot;134233118&quot;:true,&quot;201341983&quot;:0,&quot;335559740&quot;:240}\">\u00a0<\/span><\/p>\n<ol start=\"6\">\n<li><b><span data-contrast=\"auto\"> CONFIDENCIALIDAD<\/span><\/b><\/li>\n<\/ol>\n<p><span data-contrast=\"auto\">WECARE PRODUCTS se compromete a proteger la informaci\u00f3n proporcionada por los usuarios y clientes, y a no compartirla con terceros sin su consentimiento, salvo en los casos permitidos o exigidos por la legislaci\u00f3n aplicable.<\/span><span data-ccp-props=\"{&quot;134233117&quot;:true,&quot;134233118&quot;:true,&quot;201341983&quot;:0,&quot;335559740&quot;:240}\">\u00a0<\/span><\/p>\n<ol start=\"7\">\n<li><b><span data-contrast=\"auto\"> DATOS PERSONALES<\/span><\/b><\/li>\n<\/ol>\n<p><span data-contrast=\"auto\">WECARE PRODUCTS podr\u00e1 recopilar y tratar datos personales conforme a lo establecido en su\u00a0<\/span><b><span data-contrast=\"auto\">Aviso de Privacidad<\/span><\/b><span data-contrast=\"auto\">, disponible en el Sitio Web.<\/span><span data-ccp-props=\"{&quot;134233117&quot;:true,&quot;134233118&quot;:true,&quot;201341983&quot;:0,&quot;335559740&quot;:240}\">\u00a0<\/span><\/p>\n<p><span data-contrast=\"auto\">El usuario podr\u00e1, en cualquier momento, manifestar su negativa para el uso de sus datos personales con fines de mercadotecnia o prospecci\u00f3n comercial, en los t\u00e9rminos previstos en dicho Aviso.<\/span><span data-ccp-props=\"{&quot;134233117&quot;:true,&quot;134233118&quot;:true,&quot;201341983&quot;:0,&quot;335559740&quot;:240}\">\u00a0<\/span><\/p>\n<ol start=\"8\">\n<li><b><span data-contrast=\"auto\"> PAGOS Y FACTURACI\u00d3N<\/span><\/b><\/li>\n<\/ol>\n<p><span data-contrast=\"auto\">En caso de realizar compras o contratar servicios a trav\u00e9s del Sitio Web:<\/span><span data-ccp-props=\"{&quot;134233117&quot;:true,&quot;134233118&quot;:true,&quot;201341983&quot;:0,&quot;335559740&quot;:240}\">\u00a0<\/span><\/p>\n<ul>\n<li aria-setsize=\"-1\" data-leveltext=\"\uf0b7\" data-font=\"Symbol\" data-listid=\"2\" data-list-defn-props=\"{&quot;335552541&quot;:1,&quot;335559685&quot;:720,&quot;335559991&quot;:360,&quot;469769226&quot;:&quot;Symbol&quot;,&quot;469769242&quot;:[8226],&quot;469777803&quot;:&quot;left&quot;,&quot;469777804&quot;:&quot;\uf0b7&quot;,&quot;469777815&quot;:&quot;multilevel&quot;}\" data-aria-posinset=\"1\" data-aria-level=\"1\"><span data-contrast=\"auto\">Los pagos deber\u00e1n efectuarse conforme a las condiciones establecidas al momento de la compra.<\/span><span data-ccp-props=\"{&quot;134233117&quot;:true,&quot;134233118&quot;:true,&quot;201341983&quot;:0,&quot;335559740&quot;:240}\">\u00a0<\/span><\/li>\n<\/ul>\n<ul>\n<li aria-setsize=\"-1\" data-leveltext=\"\uf0b7\" data-font=\"Symbol\" data-listid=\"2\" data-list-defn-props=\"{&quot;335552541&quot;:1,&quot;335559685&quot;:720,&quot;335559991&quot;:360,&quot;469769226&quot;:&quot;Symbol&quot;,&quot;469769242&quot;:[8226],&quot;469777803&quot;:&quot;left&quot;,&quot;469777804&quot;:&quot;\uf0b7&quot;,&quot;469777815&quot;:&quot;multilevel&quot;}\" data-aria-posinset=\"2\" data-aria-level=\"1\"><span data-contrast=\"auto\">Se emitir\u00e1 factura conforme a la normatividad fiscal vigente en M\u00e9xico, siempre que el cliente proporcione correctamente su informaci\u00f3n fiscal.<\/span><span data-ccp-props=\"{&quot;134233117&quot;:true,&quot;134233118&quot;:true,&quot;201341983&quot;:0,&quot;335559740&quot;:240}\">\u00a0<\/span><\/li>\n<\/ul>\n<p><span data-contrast=\"auto\">WECARE PRODUCTS no ser\u00e1 responsable por errores derivados de informaci\u00f3n incorrecta o incompleta proporcionada por el cliente.<\/span><span data-ccp-props=\"{&quot;134233117&quot;:true,&quot;134233118&quot;:true,&quot;201341983&quot;:0,&quot;335559740&quot;:240}\">\u00a0<\/span><\/p>\n<ol start=\"9\">\n<li><b><span data-contrast=\"auto\"> LIMITACI\u00d3N DE RESPONSABILIDAD<\/span><\/b><\/li>\n<\/ol>\n<p><span data-contrast=\"auto\">WECARE PRODUCTS no ser\u00e1 responsable por:<\/span><span data-ccp-props=\"{&quot;134233117&quot;:true,&quot;134233118&quot;:true,&quot;201341983&quot;:0,&quot;335559740&quot;:240}\">\u00a0<\/span><\/p>\n<ul>\n<li aria-setsize=\"-1\" data-leveltext=\"\uf0b7\" data-font=\"Symbol\" data-listid=\"3\" data-list-defn-props=\"{&quot;335552541&quot;:1,&quot;335559685&quot;:720,&quot;335559991&quot;:360,&quot;469769226&quot;:&quot;Symbol&quot;,&quot;469769242&quot;:[8226],&quot;469777803&quot;:&quot;left&quot;,&quot;469777804&quot;:&quot;\uf0b7&quot;,&quot;469777815&quot;:&quot;multilevel&quot;}\" data-aria-posinset=\"1\" data-aria-level=\"1\"><span data-contrast=\"auto\">Errores, omisiones o falta de actualizaci\u00f3n en la informaci\u00f3n publicada en el Sitio Web<\/span><span data-ccp-props=\"{&quot;134233117&quot;:true,&quot;134233118&quot;:true,&quot;201341983&quot;:0,&quot;335559740&quot;:240}\">\u00a0<\/span><\/li>\n<\/ul>\n<ul>\n<li aria-setsize=\"-1\" data-leveltext=\"\uf0b7\" data-font=\"Symbol\" data-listid=\"3\" data-list-defn-props=\"{&quot;335552541&quot;:1,&quot;335559685&quot;:720,&quot;335559991&quot;:360,&quot;469769226&quot;:&quot;Symbol&quot;,&quot;469769242&quot;:[8226],&quot;469777803&quot;:&quot;left&quot;,&quot;469777804&quot;:&quot;\uf0b7&quot;,&quot;469777815&quot;:&quot;multilevel&quot;}\" data-aria-posinset=\"2\" data-aria-level=\"1\"><span data-contrast=\"auto\">Da\u00f1os derivados del uso o imposibilidad de uso del Sitio Web<\/span><span data-ccp-props=\"{&quot;134233117&quot;:true,&quot;134233118&quot;:true,&quot;201341983&quot;:0,&quot;335559740&quot;:240}\">\u00a0<\/span><\/li>\n<\/ul>\n<ul>\n<li aria-setsize=\"-1\" data-leveltext=\"\uf0b7\" data-font=\"Symbol\" data-listid=\"3\" data-list-defn-props=\"{&quot;335552541&quot;:1,&quot;335559685&quot;:720,&quot;335559991&quot;:360,&quot;469769226&quot;:&quot;Symbol&quot;,&quot;469769242&quot;:[8226],&quot;469777803&quot;:&quot;left&quot;,&quot;469777804&quot;:&quot;\uf0b7&quot;,&quot;469777815&quot;:&quot;multilevel&quot;}\" data-aria-posinset=\"3\" data-aria-level=\"1\"><span data-contrast=\"auto\">Contenidos, servicios o pr\u00e1cticas de terceros enlazados desde el Sitio Web<\/span><span data-ccp-props=\"{&quot;134233117&quot;:true,&quot;134233118&quot;:true,&quot;201341983&quot;:0,&quot;335559740&quot;:240}\">\u00a0<\/span><\/li>\n<\/ul>\n<p><span data-contrast=\"auto\">El uso del Sitio Web se realiza bajo la responsabilidad exclusiva del usuario.<\/span><span data-ccp-props=\"{&quot;134233117&quot;:true,&quot;134233118&quot;:true,&quot;201341983&quot;:0,&quot;335559740&quot;:240}\">\u00a0<\/span><\/p>\n<ol start=\"10\">\n<li><b><span data-contrast=\"auto\"> MODIFICACIONES A LOS SERVICIOS<\/span><\/b><\/li>\n<\/ol>\n<p><span data-contrast=\"auto\">WECARE PRODUCTS se reserva el derecho de modificar, suspender o descontinuar, total o parcialmente, los productos, servicios o funcionalidades del Sitio Web, sin previo aviso y sin que ello genere responsabilidad alguna.<\/span><span data-ccp-props=\"{&quot;134233117&quot;:true,&quot;134233118&quot;:true,&quot;201341983&quot;:0,&quot;335559740&quot;:240}\">\u00a0<\/span><\/p>\n<ol start=\"11\">\n<li><b><span data-contrast=\"auto\"> RESOLUCI\u00d3N DE CONTROVERSIAS<\/span><\/b><\/li>\n<\/ol>\n<p><span data-contrast=\"auto\">En caso de cualquier controversia relacionada con la interpretaci\u00f3n o cumplimiento de los presentes T\u00e9rminos y Condiciones, las partes procurar\u00e1n resolverla de manera amistosa.<\/span><span data-ccp-props=\"{&quot;134233117&quot;:true,&quot;134233118&quot;:true,&quot;201341983&quot;:0,&quot;335559740&quot;:240}\">\u00a0<\/span><\/p>\n<p><span data-contrast=\"auto\">De no lograrse un acuerdo, las partes se someten expresamente a la\u00a0<\/span><b><span data-contrast=\"auto\">jurisdicci\u00f3n de los tribunales competentes de Guadalajara, Jalisco<\/span><\/b><span data-contrast=\"auto\">, renunciando a cualquier otro fuero que pudiera corresponderles.<\/span><span data-ccp-props=\"{&quot;134233117&quot;:true,&quot;134233118&quot;:true,&quot;201341983&quot;:0,&quot;335559740&quot;:240}\">\u00a0<\/span><\/p>\n<ol start=\"12\">\n<li><b><span data-contrast=\"auto\"> LEGISLACI\u00d3N APLICABLE<\/span><\/b><\/li>\n<\/ol>\n<p><span data-contrast=\"auto\">Los presentes T\u00e9rminos y Condiciones se rigen e interpretan conforme a las\u00a0<\/span><b><span data-contrast=\"auto\">leyes vigentes en los Estados Unidos Mexicanos<\/span><\/b><span data-contrast=\"auto\">.<\/span><span data-ccp-props=\"{&quot;134233117&quot;:true,&quot;134233118&quot;:true,&quot;201341983&quot;:0,&quot;335559740&quot;:240}\">\u00a0<\/span><\/p>\n<ol start=\"13\">\n<li><b><span data-contrast=\"auto\"> CONTACTO<\/span><\/b><\/li>\n<\/ol>\n<p><span data-contrast=\"auto\">Para cualquier duda, aclaraci\u00f3n o comentario relacionado con estos T\u00e9rminos y Condiciones, el usuario podr\u00e1 comunicarse a trav\u00e9s del Sitio Web\u00a0<\/span><a href=\"https:\/\/www.wecareproducts.eco\/\"><b><span data-contrast=\"none\">https:\/\/www.wecareproducts.eco<\/span><\/b><\/a><span data-contrast=\"auto\">\u00a0o en el domicilio de WECARE PRODUCTS ubicado en\u00a0<\/span><b><span data-contrast=\"auto\">Av. Magnolias 303, Bodega 3, Colonia Nuevo M\u00e9xico, C\u00f3digo Postal 45138, Zapopan, Jalisco, M\u00e9xico<\/span><\/b><span data-contrast=\"auto\">.<\/span><span data-ccp-props=\"{&quot;134233117&quot;:true,&quot;134233118&quot;:true,&quot;201341983&quot;:0,&quot;335559740&quot;:240}\">\u00a0<\/span>[\/vc_column_text][\/vc_column][\/vc_row]<\/p>\n<\/div>","protected":false},"excerpt":{"rendered":"<p>[vc_row][vc_column][vc_column_text] INTRODUCCI\u00d3N Bienvenido al sitio web de\u00a0WECARE PRODUCTS, accesible a trav\u00e9s de\u00a0https:\/\/www.wecareproducts.eco\u00a0(en adelante, el \u201cSitio Web\u201d).\u00a0 Al acceder, navegar y<\/p>\n","protected":false},"author":4,"featured_media":0,"parent":0,"menu_order":0,"comment_status":"closed","ping_status":"closed","template":"","meta":{"_joinchat":[],"footnotes":""},"class_list":["post-11217","page","type-page","status-publish","hentry"],"_links":{"self":[{"href":"https:\/\/wecareproducts.eco\/es\/wp-json\/wp\/v2\/pages\/11217","targetHints":{"allow":["GET"]}}],"collection":[{"href":"https:\/\/wecareproducts.eco\/es\/wp-json\/wp\/v2\/pages"}],"about":[{"href":"https:\/\/wecareproducts.eco\/es\/wp-json\/wp\/v2\/types\/page"}],"author":[{"embeddable":true,"href":"https:\/\/wecareproducts.eco\/es\/wp-json\/wp\/v2\/users\/4"}],"replies":[{"embeddable":true,"href":"https:\/\/wecareproducts.eco\/es\/wp-json\/wp\/v2\/comments?post=11217"}],"version-history":[{"count":4,"href":"https:\/\/wecareproducts.eco\/es\/wp-json\/wp\/v2\/pages\/11217\/revisions"}],"predecessor-version":[{"id":11221,"href":"https:\/\/wecareproducts.eco\/es\/wp-json\/wp\/v2\/pages\/11217\/revisions\/11221"}],"wp:attachment":[{"href":"https:\/\/wecareproducts.eco\/es\/wp-json\/wp\/v2\/media?parent=11217"}],"curies":[{"name":"wp","href":"https:\/\/api.w.org\/{rel}","templated":true}]}}