{"id":10697,"date":"2025-08-26T05:04:15","date_gmt":"2025-08-26T05:04:15","guid":{"rendered":"https:\/\/wecare.gcode.com.mx\/?page_id=10697"},"modified":"2026-04-13T23:46:21","modified_gmt":"2026-04-13T23:46:21","slug":"cotiza-ahora","status":"publish","type":"page","link":"https:\/\/wecareproducts.eco\/es\/cotiza-ahora\/","title":{"rendered":"Cotiza ahora"},"content":{"rendered":"<div class=\"wpb-content-wrapper\"><p>[vc_row woodmart_stretch_content=&#8221;section-stretch&#8221; css=&#8221;.vc_custom_1756222366423{margin-top: -40px !important;padding-top: 30px !important;padding-bottom: 30px !important;background-color: #FFFFFF !important;}&#8221; woodmart_css_id=&#8221;68add39920d9d&#8221; responsive_spacing=&#8221;eyJwYXJhbV90eXBlIjoid29vZG1hcnRfcmVzcG9uc2l2ZV9zcGFjaW5nIiwic2VsZWN0b3JfaWQiOiI2OGFkZDM5OTIwZDlkIiwic2hvcnRjb2RlIjoidmNfcm93IiwiZGF0YSI6eyJ0YWJsZXQiOnt9LCJtb2JpbGUiOnt9fX0=&#8221; mobile_bg_img_hidden=&#8221;no&#8221; tablet_bg_img_hidden=&#8221;no&#8221; woodmart_parallax=&#8221;0&#8243; woodmart_gradient_switch=&#8221;no&#8221; woodmart_box_shadow=&#8221;no&#8221; wd_z_index=&#8221;no&#8221; woodmart_disable_overflow=&#8221;0&#8243; row_reverse_mobile=&#8221;0&#8243; row_reverse_tablet=&#8221;0&#8243;][vc_column]\n\t\t<div id=\"wd-68add260d3596\" class=\"title-wrapper wd-wpb wd-set-mb reset-last-child  wd-rs-68add260d3596 wd-title-color-default wd-title-style-default text-center vc_custom_1756222095410 wd-width-enabled wd-underline-colored\" style=\"--wd-max-width: 80%;\">\n\t\t\t\t\t\t\t\n\t\t\t\t<div class=\"title-subtitle  subtitle-color-default font-default subtitle-style-default wd-font-weight-700 wd-fontsize-xs\">Cont\u00e1ctanos<\/div>\n\t\t\t\n\t\t\t<div class=\"liner-continer\">\n\t\t\t\t<h2 class=\"woodmart-title-container title  wd-font-weight-700 wd-fontsize-l\" >Estamos para Ayudarte.<\/h2>\n\t\t\t\t\t\t\t<\/div>\n\t\t\t\n\t\t\t\t\t\t\t<div class=\"title-after_title reset-last-child  wd-fontsize-xs\">\u00bfTienes alguna pregunta, comentario o propuesta? Completa el siguiente formulario para dirigir tu consulta al equipo correcto. Haremos lo posible por responderte a la brevedad.<\/div>\n\t\t\t\n\t\t\t\n\t\t<\/div>\n\t\t\n\t\t\t\t\t\t\t<div class=\"wd-cf7 wd-wpb wd-rs-68acfa1d96f9a\">\n\t\t\t\t\n<div class=\"wpcf7 no-js\" id=\"wpcf7-f1938-o1\" lang=\"en-US\" dir=\"ltr\" data-wpcf7-id=\"1938\">\n<div class=\"screen-reader-response\"><p role=\"status\" aria-live=\"polite\" aria-atomic=\"true\"><\/p> <ul><\/ul><\/div>\n<form action=\"\/es\/wp-json\/wp\/v2\/pages\/10697#wpcf7-f1938-o1\" method=\"post\" class=\"wpcf7-form init\" aria-label=\"Contact form\" novalidate=\"novalidate\" data-status=\"init\">\n<fieldset class=\"hidden-fields-container\"><input type=\"hidden\" name=\"_wpcf7\" value=\"1938\" \/><input type=\"hidden\" name=\"_wpcf7_version\" value=\"6.1.5\" \/><input type=\"hidden\" name=\"_wpcf7_locale\" value=\"en_US\" \/><input type=\"hidden\" name=\"_wpcf7_unit_tag\" value=\"wpcf7-f1938-o1\" \/><input type=\"hidden\" name=\"_wpcf7_container_post\" value=\"0\" \/><input type=\"hidden\" name=\"_wpcf7_posted_data_hash\" value=\"\" \/><input type=\"hidden\" name=\"_wpcf7_recaptcha_response\" value=\"\" \/>\n<\/fieldset>\n<div class=\"div-max-900\" id=\"form-contacto\">\n\t<div class=\"wd-grid-g\">\n\t\t<div class=\"wd-grid-f-stretch\">\n\t\t\t<div class=\"wd-col\">\n\t\t\t\t<p><label>Nombre*<\/label><span class=\"wpcf7-form-control-wrap\" data-name=\"nombre-021\"><input size=\"40\" maxlength=\"400\" class=\"wpcf7-form-control wpcf7-text wpcf7-validates-as-required\" aria-required=\"true\" aria-invalid=\"false\" value=\"\" type=\"text\" name=\"nombre-021\" \/><\/span>\n\t\t\t\t<\/p>\n\t\t\t<\/div>\n\t\t\t<div class=\"wd-col\">\n\t\t\t\t<p><label>Apellido*<\/label><span class=\"wpcf7-form-control-wrap\" data-name=\"apellido-021\"><input size=\"40\" maxlength=\"400\" class=\"wpcf7-form-control wpcf7-text wpcf7-validates-as-required\" aria-required=\"true\" aria-invalid=\"false\" value=\"\" type=\"text\" name=\"apellido-021\" \/><\/span>\n\t\t\t\t<\/p>\n\t\t\t<\/div>\n\t\t<\/div>\n\t\t<div class=\"wd-grid-f-stretch\">\n\t\t\t<div class=\"wd-col\">\n\t\t\t\t<p><label>Email*<\/label><span class=\"wpcf7-form-control-wrap\" data-name=\"email-021\"><input size=\"40\" maxlength=\"400\" class=\"wpcf7-form-control wpcf7-email wpcf7-validates-as-required wpcf7-text wpcf7-validates-as-email\" aria-required=\"true\" aria-invalid=\"false\" value=\"\" type=\"email\" name=\"email-021\" \/><\/span>\n\t\t\t\t<\/p>\n\t\t\t<\/div>\n\t\t\t<div class=\"wd-col\">\n\t\t\t\t<p><label>Tel\u00e9fono*<\/label><span class=\"wpcf7-form-control-wrap\" data-name=\"tel-021\"><input size=\"40\" maxlength=\"400\" class=\"wpcf7-form-control wpcf7-tel wpcf7-validates-as-required wpcf7-text wpcf7-validates-as-tel\" aria-required=\"true\" aria-invalid=\"false\" value=\"\" type=\"tel\" name=\"tel-021\" \/><\/span>\n\t\t\t\t<\/p>\n\t\t\t<\/div>\n\t\t<\/div>\n\t\t<div>\n\t\t\t<p><label>\u00bfEn qu\u00e9 productos o soluciones est\u00e1s interesado?*<\/label><span class=\"wpcf7-form-control-wrap\" data-name=\"solucion-021\"><input size=\"40\" maxlength=\"400\" class=\"wpcf7-form-control wpcf7-text wpcf7-validates-as-required\" aria-required=\"true\" aria-invalid=\"false\" value=\"\" type=\"text\" name=\"solucion-021\" \/><\/span>\n\t\t\t<\/p>\n\t\t<\/div>\n\t\t<div>\n\t\t\t<p><label>Pa\u00eds*<\/label><span class=\"wpcf7-form-control-wrap\" data-name=\"pais-021\"><input size=\"40\" maxlength=\"400\" class=\"wpcf7-form-control wpcf7-text wpcf7-validates-as-required\" aria-required=\"true\" aria-invalid=\"false\" value=\"\" type=\"text\" name=\"pais-021\" \/><\/span>\n\t\t\t<\/p>\n\t\t<\/div>\n\t\t<div>\n\t\t\t<p>&nbsp;\n\t\t\t<\/p>\n\t\t\t<p class=\"text-center\"><input class=\"wpcf7-form-control wpcf7-submit has-spinner btn-color-black\" type=\"submit\" value=\"Enviar solicitud\" \/>\n\t\t\t<\/p>\n\t\t<\/div>\n\t<\/div>\n<\/div><div class=\"wpcf7-response-output\" aria-hidden=\"true\"><\/div>\n<\/form>\n<\/div>\n\t\t\t<\/div>\n\t\t\t\t[\/vc_column][\/vc_row][vc_row woodmart_stretch_content=&#8221;section-stretch&#8221; css=&#8221;.vc_custom_1756066260610{margin-top: 20px !important;padding-top: 30px !important;padding-bottom: 30px !important;background-color: #F0F6E5 !important;}&#8221; woodmart_css_id=&#8221;68ab71d0c4419&#8243; responsive_spacing=&#8221;eyJwYXJhbV90eXBlIjoid29vZG1hcnRfcmVzcG9uc2l2ZV9zcGFjaW5nIiwic2VsZWN0b3JfaWQiOiI2OGFiNzFkMGM0NDE5Iiwic2hvcnRjb2RlIjoidmNfcm93IiwiZGF0YSI6eyJ0YWJsZXQiOnt9LCJtb2JpbGUiOnt9fX0=&#8221; mobile_bg_img_hidden=&#8221;no&#8221; tablet_bg_img_hidden=&#8221;no&#8221; woodmart_parallax=&#8221;0&#8243; woodmart_gradient_switch=&#8221;no&#8221; woodmart_box_shadow=&#8221;no&#8221; wd_z_index=&#8221;no&#8221; woodmart_disable_overflow=&#8221;0&#8243; row_reverse_mobile=&#8221;0&#8243; row_reverse_tablet=&#8221;0&#8243;][vc_column][vc_row_inner css=&#8221;.vc_custom_1756066746112{margin-top: 20px !important;}&#8221; woodmart_css_id=&#8221;68ab73b486295&#8243; responsive_spacing=&#8221;eyJwYXJhbV90eXBlIjoid29vZG1hcnRfcmVzcG9uc2l2ZV9zcGFjaW5nIiwic2VsZWN0b3JfaWQiOiI2OGFiNzNiNDg2Mjk1Iiwic2hvcnRjb2RlIjoidmNfcm93X2lubmVyIiwiZGF0YSI6eyJ0YWJsZXQiOnt9LCJtb2JpbGUiOnt9fX0=&#8221; mobile_bg_img_hidden=&#8221;no&#8221; tablet_bg_img_hidden=&#8221;no&#8221; woodmart_parallax=&#8221;0&#8243; woodmart_gradient_switch=&#8221;no&#8221; woodmart_box_shadow=&#8221;no&#8221; wd_z_index=&#8221;no&#8221; woodmart_disable_overflow=&#8221;0&#8243; row_reverse_mobile=&#8221;0&#8243; row_reverse_tablet=&#8221;0&#8243;][vc_column_inner width=&#8221;1\/3&#8243;]\t\t<div id=\"wd-68f443981ddf5\" class=\"wd-image wd-wpb wd-rs-68f443981ddf5 text-left \">\n\t\t\t\n\t\t\t<img decoding=\"async\"  src=\"https:\/\/wecareproducts.eco\/es\/wp-content\/uploads\/2025\/10\/icon-mail.svg\" title=\"icon-mail\" loading=\"lazy\" width=\"40\" height=\"40\">\n\t\t\t\t\t<\/div>\n\t\t\n\t\t<div id=\"wd-68f4441a4bfed\" class=\"title-wrapper wd-wpb wd-set-mb reset-last-child  wd-rs-68f4441a4bfed wd-title-color-default wd-title-style-default text-left vc_custom_1760838731414 wd-underline-colored\">\n\t\t\t\n\t\t\t<div class=\"liner-continer\">\n\t\t\t\t<h2 class=\"woodmart-title-container title  wd-font-weight-700 wd-fontsize-l\" >Email<\/h2>\n\t\t\t\t\t\t\t<\/div>\n\t\t\t\n\t\t\t\t\t\t\t<div class=\"title-after_title reset-last-child  wd-fontsize-xs\">La mejor opci\u00f3n para consultas detalladas. Te responderemos en un plazo de 24 a 48 horas h\u00e1biles.<\/div>\n\t\t\t\n\t\t\t\n\t\t<\/div>\n\t\t\n\t\t\t\t<div id=\"wd-69dd8038ec724\" class=\"wd-text-block wd-wpb reset-last-child wd-rs-69dd8038ec724 text-left  text-underline\">\n\t\t\t<p><a href=\"mailto:info@wecareproducts.com.mx\">info@wecareproducts.eco<\/a><\/p>\n\t\t<\/div>\n\t\t[\/vc_column_inner][vc_column_inner width=&#8221;1\/3&#8243;]\t\t<div id=\"wd-68f443b32f712\" class=\"wd-image wd-wpb wd-rs-68f443b32f712 text-left \">\n\t\t\t\n\t\t\t<img decoding=\"async\"  src=\"https:\/\/wecareproducts.eco\/es\/wp-content\/uploads\/2025\/10\/icon-chat.svg\" title=\"icon-chat\" loading=\"lazy\" width=\"41\" height=\"40\">\n\t\t\t\t\t<\/div>\n\t\t\n\t\t<div id=\"wd-68f4444d7bfeb\" class=\"title-wrapper wd-wpb wd-set-mb reset-last-child  wd-rs-68f4444d7bfeb wd-title-color-default wd-title-style-default text-left vc_custom_1760838757074 wd-underline-colored\">\n\t\t\t\n\t\t\t<div class=\"liner-continer\">\n\t\t\t\t<h2 class=\"woodmart-title-container title  wd-font-weight-700 wd-fontsize-l\" >Chat<\/h2>\n\t\t\t\t\t\t\t<\/div>\n\t\t\t\n\t\t\t\t\t\t\t<div class=\"title-after_title reset-last-child  wd-fontsize-xs\">Para respuestas r\u00e1pidas, habla con nuestro equipo en tiempo real durante horas de oficina.<\/div>\n\t\t\t\n\t\t\t\n\t\t<\/div>\n\t\t\n\t\t\t\t<div id=\"wd-68f448054b853\" class=\"wd-text-block wd-wpb reset-last-child wd-rs-68f448054b853 text-left  text-underline\">\n\t\t\t<p><a href=\"tel:+523319925210\">33 1992 5210<\/a><\/p>\n\t\t<\/div>\n\t\t[\/vc_column_inner][vc_column_inner width=&#8221;1\/3&#8243;]\t\t<div id=\"wd-68f443d2c9045\" class=\"wd-image wd-wpb wd-rs-68f443d2c9045 text-left \">\n\t\t\t\n\t\t\t<img decoding=\"async\"  src=\"https:\/\/wecareproducts.eco\/es\/wp-content\/uploads\/2025\/10\/icon-phone.svg\" title=\"icon-phone\" loading=\"lazy\" width=\"41\" height=\"40\">\n\t\t\t\t\t<\/div>\n\t\t\n\t\t<div id=\"wd-68f444690288b\" class=\"title-wrapper wd-wpb wd-set-mb reset-last-child  wd-rs-68f444690288b wd-title-color-default wd-title-style-default text-left vc_custom_1760838777230 wd-underline-colored\">\n\t\t\t\n\t\t\t<div class=\"liner-continer\">\n\t\t\t\t<h2 class=\"woodmart-title-container title  wd-font-weight-700 wd-fontsize-l\" >Tel\u00e9fono<\/h2>\n\t\t\t\t\t\t\t<\/div>\n\t\t\t\n\t\t\t\t\t\t\t<div class=\"title-after_title reset-last-child  wd-fontsize-xs\">Si prefieres una atenci\u00f3n personalizada o tienes un asunto urgente, no dudes en llamarnos.<\/div>\n\t\t\t\n\t\t\t\n\t\t<\/div>\n\t\t\n\t\t\t\t<div id=\"wd-68f448054b853\" class=\"wd-text-block wd-wpb reset-last-child wd-rs-68f448054b853 text-left  text-underline\">\n\t\t\t<p><a href=\"tel:+523319925210\">33 1992 5210<\/a><\/p>\n\t\t<\/div>\n\t\t[\/vc_column_inner][\/vc_row_inner][\/vc_column][\/vc_row][vc_row equal_height=&#8221;yes&#8221; content_placement=&#8221;middle&#8221; css=&#8221;.vc_custom_1760839749453{padding-top: 40px !important;padding-bottom: 0px !important;}&#8221; woodmart_css_id=&#8221;68f4483eef02f&#8221; responsive_spacing=&#8221;eyJwYXJhbV90eXBlIjoid29vZG1hcnRfcmVzcG9uc2l2ZV9zcGFjaW5nIiwic2VsZWN0b3JfaWQiOiI2OGY0NDgzZWVmMDJmIiwic2hvcnRjb2RlIjoidmNfcm93IiwiZGF0YSI6eyJ0YWJsZXQiOnt9LCJtb2JpbGUiOnt9fX0=&#8221; mobile_bg_img_hidden=&#8221;no&#8221; tablet_bg_img_hidden=&#8221;no&#8221; woodmart_parallax=&#8221;0&#8243; woodmart_gradient_switch=&#8221;no&#8221; woodmart_box_shadow=&#8221;no&#8221; wd_z_index=&#8221;no&#8221; woodmart_disable_overflow=&#8221;0&#8243; row_reverse_mobile=&#8221;0&#8243; row_reverse_tablet=&#8221;0&#8243;][vc_column]\n\t\t<div id=\"wd-68add2e159fbd\" class=\"title-wrapper wd-wpb wd-set-mb reset-last-child  wd-rs-68add2e159fbd wd-title-color-default wd-title-style-default text-left vc_custom_1756222192735 wd-underline-colored\">\n\t\t\t\n\t\t\t<div class=\"liner-continer\">\n\t\t\t\t<h2 class=\"woodmart-title-container title  wd-font-weight-700 wd-fontsize-l\" >Preguntas Frecuentes<\/h2>\n\t\t\t\t\t\t\t<\/div>\n\t\t\t\n\t\t\t\n\t\t\t\n\t\t<\/div>\n\t\t\n\t\t\n\t\t<div id=\"wd-68add30ce6b4d\" class=\"wd-accordion wd-wpb wd-rs-68add30ce6b4d  wd-style-default wd-titles-left wd-opener-pos-left wd-opener-style-arrow\" data-state=\"first\">\n\t\t\t\t\t\t\t\n\t\t\t\t\n\t\t\t\t<div class=\"wd-accordion-item\">\n\t\t\t\t\t<div class=\"wd-accordion-title wd-active font-primary wd-fontsize-s wd-font-weight-600\" data-accordion-index=\"0\">\n\t\t\t\t\t\t<div class=\"wd-accordion-title-text\">\n\t\t\t\t\t\t\t\t\t\t\t\t\t\t<span>\n\t\t\t\t\t\t\t\t\u00bfSus productos se pueden compostar en casa?\t\t\t\t\t\t\t<\/span>\n\t\t\t\t\t\t<\/div>\n\t\t\t\t\t\t<span class=\"wd-accordion-opener\"><\/span>\n\t\t\t\t\t<\/div>\n\n\t\t\t\t\t<div class=\"wd-accordion-content wd-entry-content wd-active\" data-accordion-index=\"0\">\n\t\t\t\t\t\t\t\t\t\t\t\t\t<p>Nuestros productos cuentan con la certificaci\u00f3n BPI para compostaje industrial. Aunque pueden degradarse en sistemas de compostaje dom\u00e9stico, el proceso puede ser m\u00e1s lento. Para resultados \u00f3ptimos, recomendamos desecharlos en instalaciones de compostaje comerciales si est\u00e1n disponibles en tu \u00e1rea.<\/p>\n\t\t\t\t\t\t\t\t\t\t\t<\/div>\n\t\t\t\t<\/div>\n\t\t\t\t\t\t\t\n\t\t\t\t\n\t\t\t\t<div class=\"wd-accordion-item\">\n\t\t\t\t\t<div class=\"wd-accordion-title font-primary wd-fontsize-s wd-font-weight-600\" data-accordion-index=\"1\">\n\t\t\t\t\t\t<div class=\"wd-accordion-title-text\">\n\t\t\t\t\t\t\t\t\t\t\t\t\t\t<span>\n\t\t\t\t\t\t\t\t\u00bfD\u00f3nde puedo ver los precios de los productos?\t\t\t\t\t\t\t<\/span>\n\t\t\t\t\t\t<\/div>\n\t\t\t\t\t\t<span class=\"wd-accordion-opener\"><\/span>\n\t\t\t\t\t<\/div>\n\n\t\t\t\t\t<div class=\"wd-accordion-content wd-entry-content\" data-accordion-index=\"1\">\n\t\t\t\t\t\t\t\t\t\t\t\t\t<p>Nuestro sitio web es un cat\u00e1logo corporativo. Para compras de grandes vol\u00famenes, puedes solicitar una cotizaci\u00f3n en la p\u00e1gina de cada producto. Para compras minoristas, te invitamos a visitar nuestra secci\u00f3n de &#8220;D\u00f3nde Comprar&#8221; para encontrar nuestras tiendas oficiales en l\u00ednea y distribuidores.<\/p>\n\t\t\t\t\t\t\t\t\t\t\t<\/div>\n\t\t\t\t<\/div>\n\t\t\t\t\t\t\t\n\t\t\t\t\n\t\t\t\t<div class=\"wd-accordion-item\">\n\t\t\t\t\t<div class=\"wd-accordion-title font-primary wd-fontsize-s wd-font-weight-600\" data-accordion-index=\"2\">\n\t\t\t\t\t\t<div class=\"wd-accordion-title-text\">\n\t\t\t\t\t\t\t\t\t\t\t\t\t\t<span>\n\t\t\t\t\t\t\t\t\u00bfEst\u00e1n contratando?\t\t\t\t\t\t\t<\/span>\n\t\t\t\t\t\t<\/div>\n\t\t\t\t\t\t<span class=\"wd-accordion-opener\"><\/span>\n\t\t\t\t\t<\/div>\n\n\t\t\t\t\t<div class=\"wd-accordion-content wd-entry-content\" data-accordion-index=\"2\">\n\t\t\t\t\t\t\t\t\t\t\t\t\t<p>Siempre estamos en busca de talento apasionado. Puedes consultar nuestras vacantes en nuestro perfil de LinkedIn o enviarnos tu CV seleccionando &#8220;Oportunidades de Carrera&#8221; en el formulario de contacto.<\/p>\n\t\t\t\t\t\t\t\t\t\t\t<\/div>\n\t\t\t\t<\/div>\n\t\t\t\t\t\t\t\t\t\t\t\t\t\t<\/div>\n\n\t\t[\/vc_column][\/vc_row]<\/p>\n<\/div>","protected":false},"excerpt":{"rendered":"<p>[vc_row woodmart_stretch_content=&#8221;section-stretch&#8221; css=&#8221;.vc_custom_1756222366423{margin-top: -40px !important;padding-top: 30px !important;padding-bottom: 30px !important;background-color: #FFFFFF !important;}&#8221; woodmart_css_id=&#8221;68add39920d9d&#8221; responsive_spacing=&#8221;eyJwYXJhbV90eXBlIjoid29vZG1hcnRfcmVzcG9uc2l2ZV9zcGFjaW5nIiwic2VsZWN0b3JfaWQiOiI2OGFkZDM5OTIwZDlkIiwic2hvcnRjb2RlIjoidmNfcm93IiwiZGF0YSI6eyJ0YWJsZXQiOnt9LCJtb2JpbGUiOnt9fX0=&#8221; mobile_bg_img_hidden=&#8221;no&#8221; tablet_bg_img_hidden=&#8221;no&#8221; woodmart_parallax=&#8221;0&#8243; woodmart_gradient_switch=&#8221;no&#8221; woodmart_box_shadow=&#8221;no&#8221; wd_z_index=&#8221;no&#8221; woodmart_disable_overflow=&#8221;0&#8243;<\/p>\n","protected":false},"author":1,"featured_media":0,"parent":0,"menu_order":0,"comment_status":"closed","ping_status":"closed","template":"","meta":{"_joinchat":[],"footnotes":""},"class_list":["post-10697","page","type-page","status-publish","hentry"],"_links":{"self":[{"href":"https:\/\/wecareproducts.eco\/es\/wp-json\/wp\/v2\/pages\/10697","targetHints":{"allow":["GET"]}}],"collection":[{"href":"https:\/\/wecareproducts.eco\/es\/wp-json\/wp\/v2\/pages"}],"about":[{"href":"https:\/\/wecareproducts.eco\/es\/wp-json\/wp\/v2\/types\/page"}],"author":[{"embeddable":true,"href":"https:\/\/wecareproducts.eco\/es\/wp-json\/wp\/v2\/users\/1"}],"replies":[{"embeddable":true,"href":"https:\/\/wecareproducts.eco\/es\/wp-json\/wp\/v2\/comments?post=10697"}],"version-history":[{"count":15,"href":"https:\/\/wecareproducts.eco\/es\/wp-json\/wp\/v2\/pages\/10697\/revisions"}],"predecessor-version":[{"id":11261,"href":"https:\/\/wecareproducts.eco\/es\/wp-json\/wp\/v2\/pages\/10697\/revisions\/11261"}],"wp:attachment":[{"href":"https:\/\/wecareproducts.eco\/es\/wp-json\/wp\/v2\/media?parent=10697"}],"curies":[{"name":"wp","href":"https:\/\/api.w.org\/{rel}","templated":true}]}}