{"id":10612,"date":"2025-08-25T20:21:02","date_gmt":"2025-08-25T20:21:02","guid":{"rendered":"https:\/\/wecare.gcode.com.mx\/?page_id=10612"},"modified":"2025-11-13T18:53:09","modified_gmt":"2025-11-13T18:53:09","slug":"nosotros","status":"publish","type":"page","link":"https:\/\/wecareproducts.eco\/es\/nosotros\/","title":{"rendered":"Nosotros"},"content":{"rendered":"<div class=\"wpb-content-wrapper\"><p>[vc_row equal_height=&#8221;yes&#8221; content_placement=&#8221;middle&#8221; css=&#8221;.vc_custom_1760626486568{padding-top: 20px !important;padding-bottom: 40px !important;}&#8221; woodmart_css_id=&#8221;68f1072d3fb3d&#8221; responsive_spacing=&#8221;eyJwYXJhbV90eXBlIjoid29vZG1hcnRfcmVzcG9uc2l2ZV9zcGFjaW5nIiwic2VsZWN0b3JfaWQiOiI2OGYxMDcyZDNmYjNkIiwic2hvcnRjb2RlIjoidmNfcm93IiwiZGF0YSI6eyJ0YWJsZXQiOnt9LCJtb2JpbGUiOnt9fX0=&#8221; mobile_bg_img_hidden=&#8221;no&#8221; tablet_bg_img_hidden=&#8221;no&#8221; woodmart_parallax=&#8221;0&#8243; woodmart_gradient_switch=&#8221;no&#8221; woodmart_box_shadow=&#8221;no&#8221; wd_z_index=&#8221;no&#8221; woodmart_disable_overflow=&#8221;0&#8243; row_reverse_mobile=&#8221;0&#8243; row_reverse_tablet=&#8221;0&#8243;][vc_column width=&#8221;1\/2&#8243;]\n\t\t<div id=\"wd-68f422246e968\" class=\"title-wrapper wd-wpb wd-set-mb reset-last-child  wd-rs-68f422246e968 wd-title-color-default wd-title-style-default text-left wd-off-anim wpb_animate_when_almost_visible wpb_fadeInLeft fadeInLeft wd-anim-name_fadeInLeft vc_custom_1760830038157 wd-underline-colored\">\n\t\t\t\n\t\t\t<div class=\"liner-continer\">\n\t\t\t\t<h2 class=\"woodmart-title-container title  wd-font-weight-700 wd-fontsize-l\" >No nacimos para<br \/>\nvender desechables.<br \/>\nNacimos para<br \/>\ncompensar<br \/>\nun impacto.<\/h2>\n\t\t\t\t\t\t\t<\/div>\n\t\t\t\n\t\t\t\t\t\t\t<div class=\"title-after_title reset-last-child  wd-fontsize-xs\">Hace 15 a\u00f1os, una cr\u00edtica constructiva a nuestro fundador sobre el impacto ambiental de su negocio de publicidad lo cambi\u00f3 todo. En lugar de ignorarla, decidi\u00f3 actuar. As\u00ed naci\u00f3 wecare, una empresa creada no por una oportunidad de mercado, sino por un profundo deseo de compensar, de ofrecer una alternativa y de hacer las cosas de manera diferente.<\/div>\n\t\t\t\n\t\t\t\n\t\t<\/div>\n\t\t\n\t\t[\/vc_column][vc_column width=&#8221;1\/2&#8243;]\t\t<div id=\"wd-68f422962c90c\" class=\"wd-image wd-wpb wd-rs-68f422962c90c text-center \">\n\t\t\t\n\t\t\t<img loading=\"lazy\" decoding=\"async\" width=\"864\" height=\"1080\" src=\"https:\/\/wecareproducts.eco\/es\/wp-content\/uploads\/2025\/10\/img-nosotros-01.jpg\" class=\"attachment-864x1080 size-864x1080\" alt=\"\" srcset=\"https:\/\/wecareproducts.eco\/es\/wp-content\/uploads\/2025\/10\/img-nosotros-01.jpg 864w, https:\/\/wecareproducts.eco\/es\/wp-content\/uploads\/2025\/10\/img-nosotros-01-240x300.jpg 240w, https:\/\/wecareproducts.eco\/es\/wp-content\/uploads\/2025\/10\/img-nosotros-01-640x800.jpg 640w, https:\/\/wecareproducts.eco\/es\/wp-content\/uploads\/2025\/10\/img-nosotros-01-768x960.jpg 768w, https:\/\/wecareproducts.eco\/es\/wp-content\/uploads\/2025\/10\/img-nosotros-01-430x538.jpg 430w, https:\/\/wecareproducts.eco\/es\/wp-content\/uploads\/2025\/10\/img-nosotros-01-700x875.jpg 700w, https:\/\/wecareproducts.eco\/es\/wp-content\/uploads\/2025\/10\/img-nosotros-01-150x188.jpg 150w\" sizes=\"auto, (max-width: 864px) 100vw, 864px\" \/>\n\t\t\t\t\t<\/div>\n\t\t[\/vc_column][\/vc_row][vc_row woodmart_stretch_content=&#8221;section-stretch&#8221; woodmart_css_id=&#8221;68f42dc4a4d52&#8243; responsive_spacing=&#8221;eyJwYXJhbV90eXBlIjoid29vZG1hcnRfcmVzcG9uc2l2ZV9zcGFjaW5nIiwic2VsZWN0b3JfaWQiOiI2OGY0MmRjNGE0ZDUyIiwic2hvcnRjb2RlIjoidmNfcm93IiwiZGF0YSI6eyJ0YWJsZXQiOnt9LCJtb2JpbGUiOnt9fX0=&#8221; mobile_bg_img_hidden=&#8221;no&#8221; tablet_bg_img_hidden=&#8221;no&#8221; woodmart_parallax=&#8221;0&#8243; woodmart_gradient_switch=&#8221;no&#8221; woodmart_box_shadow=&#8221;no&#8221; wd_z_index=&#8221;no&#8221; woodmart_disable_overflow=&#8221;0&#8243; row_reverse_mobile=&#8221;0&#8243; row_reverse_tablet=&#8221;0&#8243;][vc_column][vc_row_inner css=&#8221;.vc_custom_1756066746112{margin-top: 20px !important;}&#8221; woodmart_css_id=&#8221;68ab73b486295&#8243; responsive_spacing=&#8221;eyJwYXJhbV90eXBlIjoid29vZG1hcnRfcmVzcG9uc2l2ZV9zcGFjaW5nIiwic2VsZWN0b3JfaWQiOiI2OGFiNzNiNDg2Mjk1Iiwic2hvcnRjb2RlIjoidmNfcm93X2lubmVyIiwiZGF0YSI6eyJ0YWJsZXQiOnt9LCJtb2JpbGUiOnt9fX0=&#8221; mobile_bg_img_hidden=&#8221;no&#8221; tablet_bg_img_hidden=&#8221;no&#8221; woodmart_parallax=&#8221;0&#8243; woodmart_gradient_switch=&#8221;no&#8221; woodmart_box_shadow=&#8221;no&#8221; wd_z_index=&#8221;no&#8221; woodmart_disable_overflow=&#8221;0&#8243; row_reverse_mobile=&#8221;0&#8243; row_reverse_tablet=&#8221;0&#8243;][vc_column_inner width=&#8221;1\/2&#8243;]\n\t\t<div id=\"wd-68f42ce4783b8\" class=\"title-wrapper wd-wpb wd-set-mb reset-last-child  wd-rs-68f42ce4783b8 wd-title-color-default wd-title-style-default text-left vc_custom_1760832775747 wd-underline-colored\">\n\t\t\t\t\t\t\t\n\t\t\t\t<div class=\"title-subtitle  subtitle-color-default font-default subtitle-style-default wd-font-weight-700 wd-fontsize-xs\">Nuestra filosof\u00eda<\/div>\n\t\t\t\n\t\t\t<div class=\"liner-continer\">\n\t\t\t\t<h2 class=\"woodmart-title-container title  wd-font-weight-700 wd-fontsize-l\" >Eco-conscientes,<br \/>\nno Eco-perfectos<\/h2>\n\t\t\t\t\t\t\t<\/div>\n\t\t\t\n\t\t\t\n\t\t\t\n\t\t<\/div>\n\t\t\n\t\t[\/vc_column_inner][vc_column_inner width=&#8221;1\/2&#8243;]\t\t<div id=\"wd-68f42d0b2e2e5\" class=\"wd-text-block wd-wpb reset-last-child wd-rs-68f42d0b2e2e5 text-left \">\n\t\t\t<p>Creemos en el progreso, no en la perfecci\u00f3n. Sabemos que el camino a la sostenibilidad es un viaje continuo y que cada paso cuenta. Nos enfocamos en crear productos que son una opci\u00f3n significativamente mejor, accesibles y de alta calidad, ayudando a miles de personas y negocios a ser parte del cambio, un plato a la vez.<\/p>\n\t\t<\/div>\n\t\t[\/vc_column_inner][\/vc_row_inner]\t\t<div id=\"wd-69162908d1600\" class=\"wd-image wd-wpb wd-rs-69162908d1600 text-center  display-none \">\n\t\t\t\n\t\t\t<img loading=\"lazy\" decoding=\"async\" width=\"1280\" height=\"738\" src=\"https:\/\/wecareproducts.eco\/es\/wp-content\/uploads\/2025\/10\/img-video-nosotros-01.jpg\" class=\"attachment-full size-full\" alt=\"\" srcset=\"https:\/\/wecareproducts.eco\/es\/wp-content\/uploads\/2025\/10\/img-video-nosotros-01.jpg 1280w, https:\/\/wecareproducts.eco\/es\/wp-content\/uploads\/2025\/10\/img-video-nosotros-01-400x231.jpg 400w, https:\/\/wecareproducts.eco\/es\/wp-content\/uploads\/2025\/10\/img-video-nosotros-01-768x443.jpg 768w, https:\/\/wecareproducts.eco\/es\/wp-content\/uploads\/2025\/10\/img-video-nosotros-01-430x248.jpg 430w, https:\/\/wecareproducts.eco\/es\/wp-content\/uploads\/2025\/10\/img-video-nosotros-01-700x404.jpg 700w, https:\/\/wecareproducts.eco\/es\/wp-content\/uploads\/2025\/10\/img-video-nosotros-01-150x86.jpg 150w\" sizes=\"auto, (max-width: 1280px) 100vw, 1280px\" \/>\n\t\t\t\t\t<\/div>\n\t\t[vc_empty_space height=&#8221;30px&#8221; woodmart_hide_large=&#8221;0&#8243; woodmart_hide_medium=&#8221;0&#8243; woodmart_hide_small=&#8221;0&#8243;][\/vc_column][\/vc_row][vc_row woodmart_stretch_content=&#8221;section-stretch&#8221; css=&#8221;.vc_custom_1760833449800{background-color: #FFFFFF !important;}&#8221; woodmart_css_id=&#8221;68f42fa5739dd&#8221; responsive_spacing=&#8221;eyJwYXJhbV90eXBlIjoid29vZG1hcnRfcmVzcG9uc2l2ZV9zcGFjaW5nIiwic2VsZWN0b3JfaWQiOiI2OGY0MmZhNTczOWRkIiwic2hvcnRjb2RlIjoidmNfcm93IiwiZGF0YSI6eyJ0YWJsZXQiOnt9LCJtb2JpbGUiOnt9fX0=&#8221; mobile_bg_img_hidden=&#8221;no&#8221; tablet_bg_img_hidden=&#8221;no&#8221; woodmart_parallax=&#8221;0&#8243; woodmart_gradient_switch=&#8221;no&#8221; woodmart_box_shadow=&#8221;no&#8221; wd_z_index=&#8221;no&#8221; woodmart_disable_overflow=&#8221;0&#8243; row_reverse_mobile=&#8221;0&#8243; row_reverse_tablet=&#8221;0&#8243;][vc_column]\n\t\t<div id=\"wd-68f42f2d880a8\" class=\"title-wrapper wd-wpb wd-set-mb reset-last-child  wd-rs-68f42f2d880a8 wd-title-color-default wd-title-style-default text-center vc_custom_1760833394488 wd-width-enabled wd-underline-colored\" style=\"--wd-max-width: 80%;\">\n\t\t\t\n\t\t\t<div class=\"liner-continer\">\n\t\t\t\t<h2 class=\"woodmart-title-container title  wd-font-weight-700 wd-fontsize-l\" >Nuestro impacto va<br \/>\nm\u00e1s all\u00e1 del producto<\/h2>\n\t\t\t\t\t\t\t<\/div>\n\t\t\t\n\t\t\t\n\t\t\t\n\t\t<\/div>\n\t\t\n\t\t[vc_row_inner css=&#8221;.vc_custom_1760835150315{margin-top: 0px !important;padding-top: 0px !important;}&#8221; woodmart_css_id=&#8221;68f43647c2860&#8243; responsive_spacing=&#8221;eyJwYXJhbV90eXBlIjoid29vZG1hcnRfcmVzcG9uc2l2ZV9zcGFjaW5nIiwic2VsZWN0b3JfaWQiOiI2OGY0MzY0N2MyODYwIiwic2hvcnRjb2RlIjoidmNfcm93X2lubmVyIiwiZGF0YSI6eyJ0YWJsZXQiOnt9LCJtb2JpbGUiOnt9fX0=&#8221; mobile_bg_img_hidden=&#8221;no&#8221; tablet_bg_img_hidden=&#8221;no&#8221; woodmart_parallax=&#8221;0&#8243; woodmart_gradient_switch=&#8221;no&#8221; woodmart_box_shadow=&#8221;no&#8221; wd_z_index=&#8221;no&#8221; woodmart_disable_overflow=&#8221;0&#8243; row_reverse_mobile=&#8221;0&#8243; row_reverse_tablet=&#8221;0&#8243; el_class=&#8221;banner-distribuidores&#8221;][vc_column_inner width=&#8221;1\/2&#8243; offset=&#8221;vc_col-lg-6 vc_col-md-6 vc_col-xs-12&#8243; woodmart_css_id=&#8221;68f3b00b24f52&#8243; parallax_scroll=&#8221;no&#8221; woodmart_sticky_column=&#8221;false&#8221; wd_collapsible_content_switcher=&#8221;no&#8221; wd_column_role_offcanvas_desktop=&#8221;no&#8221; wd_column_role_offcanvas_tablet=&#8221;no&#8221; wd_column_role_offcanvas_mobile=&#8221;no&#8221; wd_column_role_content_desktop=&#8221;no&#8221; wd_column_role_content_tablet=&#8221;no&#8221; wd_column_role_content_mobile=&#8221;no&#8221; mobile_bg_img_hidden=&#8221;no&#8221; tablet_bg_img_hidden=&#8221;no&#8221; woodmart_parallax=&#8221;0&#8243; woodmart_box_shadow=&#8221;no&#8221; responsive_spacing=&#8221;eyJwYXJhbV90eXBlIjoid29vZG1hcnRfcmVzcG9uc2l2ZV9zcGFjaW5nIiwic2VsZWN0b3JfaWQiOiI2OGYzYjAwYjI0ZjUyIiwic2hvcnRjb2RlIjoidmNfY29sdW1uX2lubmVyIiwiZGF0YSI6eyJ0YWJsZXQiOnt9LCJtb2JpbGUiOnt9fX0=&#8221; wd_z_index=&#8221;no&#8221;]\t\t<div class=\"promo-banner-wrapper  wd-rs-68f66f925b2ae \">\n\t\t\t<div id=\"wd-68f66f925b2ae\" class=\"promo-banner  banner- banner-hover-zoom color-scheme-light banner-btn-size-default banner-btn-style-default  wd-underline-colored\">\n\t\t\t\t<div class=\"main-wrapp-img\">\n\t\t\t\t\t<div class=\"banner-image wd-bg-position-center\" >\n\t\t\t\t\t\t<img loading=\"lazy\" decoding=\"async\" width=\"812\" height=\"515\" src=\"https:\/\/wecareproducts.eco\/es\/wp-content\/uploads\/2025\/10\/img-nosotros-02a.jpg\" class=\"attachment-full size-full\" alt=\"\" \/>\t\t\t\t\t<\/div>\n\t\t\t\t<\/div>\n\n\t\t\t\t<div class=\"wrapper-content-banner wd-fill  wd-items-middle wd-justify-center\">\n\t\t\t\t\t<div class=\"content-banner  text-left\">\n\t\t\t\t\t\t<h4 class=\"banner-title wd-font-weight- wd-fontsize-l\">Comprometidos con 1% for the planet<\/h4>\t\t\t\t\t\t\t\t\t\t\t\t\t<div class=\"banner-inner reset-last-child wd-fontsize-s\">\n\t\t\t\t\t\t\t\t<p>Estamos orgullosos de donar el 1% de todas nuestras ventas a organizaciones sin fines de lucro dedicadas a la protecci\u00f3n y restauraci\u00f3n del medio ambiente. Cada compra que haces con nosotros contribuye directamente a sanar nuestro planeta.<\/p>\n\t\t\t\t\t\t\t<\/div>\n\t\t\t\t\t\t\n\t\t\t\t\t\t\n\t\t\t\t\t\t\t\t\t\t\t<\/div>\n\t\t\t\t<\/div>\n\n\t\t\t\t\n\t\t\t\t\t\t\t<\/div>\n\t\t<\/div>\n\n\t\t[vc_empty_space woodmart_hide_large=&#8221;0&#8243; woodmart_hide_medium=&#8221;0&#8243; woodmart_hide_small=&#8221;0&#8243;][\/vc_column_inner][vc_column_inner width=&#8221;1\/2&#8243; offset=&#8221;vc_col-lg-6 vc_col-md-6 vc_col-xs-12&#8243; woodmart_css_id=&#8221;68f3afe31af4e&#8221; parallax_scroll=&#8221;no&#8221; woodmart_sticky_column=&#8221;false&#8221; wd_collapsible_content_switcher=&#8221;no&#8221; wd_column_role_offcanvas_desktop=&#8221;no&#8221; wd_column_role_offcanvas_tablet=&#8221;no&#8221; wd_column_role_offcanvas_mobile=&#8221;no&#8221; wd_column_role_content_desktop=&#8221;no&#8221; wd_column_role_content_tablet=&#8221;no&#8221; wd_column_role_content_mobile=&#8221;no&#8221; mobile_bg_img_hidden=&#8221;no&#8221; tablet_bg_img_hidden=&#8221;no&#8221; woodmart_parallax=&#8221;0&#8243; woodmart_box_shadow=&#8221;no&#8221; responsive_spacing=&#8221;eyJwYXJhbV90eXBlIjoid29vZG1hcnRfcmVzcG9uc2l2ZV9zcGFjaW5nIiwic2VsZWN0b3JfaWQiOiI2OGYzYWZlMzFhZjRlIiwic2hvcnRjb2RlIjoidmNfY29sdW1uX2lubmVyIiwiZGF0YSI6eyJ0YWJsZXQiOnt9LCJtb2JpbGUiOnt9fX0=&#8221; wd_z_index=&#8221;no&#8221;]\t\t<div class=\"promo-banner-wrapper  wd-rs-68f66f60b0015 \">\n\t\t\t<div id=\"wd-68f66f60b0015\" class=\"promo-banner  banner- banner-hover-zoom color-scheme-light banner-btn-size-default banner-btn-style-default font-size-banner-ipad wd-underline-colored\">\n\t\t\t\t<div class=\"main-wrapp-img\">\n\t\t\t\t\t<div class=\"banner-image wd-bg-position-center\" >\n\t\t\t\t\t\t<img loading=\"lazy\" decoding=\"async\" width=\"757\" height=\"480\" src=\"https:\/\/wecareproducts.eco\/es\/wp-content\/uploads\/2025\/10\/img-nosotros-03a.jpg\" class=\"attachment-936x480 size-936x480\" alt=\"\" \/>\t\t\t\t\t<\/div>\n\t\t\t\t<\/div>\n\n\t\t\t\t<div class=\"wrapper-content-banner wd-fill  wd-items-middle wd-justify-center\">\n\t\t\t\t\t<div class=\"content-banner  text-left\">\n\t\t\t\t\t\t<h4 class=\"banner-title wd-font-weight- wd-fontsize-l\">Producci\u00f3n y materiales responsables<\/h4>\t\t\t\t\t\t\t\t\t\t\t\t\t<div class=\"banner-inner reset-last-child wd-fontsize-s\">\n\t\t\t\t\t\t\t\t<p>Seleccionamos cuidadosamente nuestros materiales, como f\u00e9cula de ma\u00edz y bagazo de agave, para asegurar que provengan de recursos renovables. Trabajamos con socios de producci\u00f3n que comparten nuestros altos est\u00e1ndares de calidad y \u00e9tica.<\/p>\n\t\t\t\t\t\t\t<\/div>\n\t\t\t\t\t\t\n\t\t\t\t\t\t\n\t\t\t\t\t\t\t\t\t\t\t<\/div>\n\t\t\t\t<\/div>\n\n\t\t\t\t\n\t\t\t\t\t\t\t<\/div>\n\t\t<\/div>\n\n\t\t[\/vc_column_inner][\/vc_row_inner][\/vc_column][\/vc_row][vc_row woodmart_stretch_content=&#8221;section-stretch&#8221; css=&#8221;.vc_custom_1760768322106{padding-top: 30px !important;padding-bottom: 30px !important;background-color: #FFFFFF !important;}&#8221; woodmart_css_id=&#8221;68f3313cd2f44&#8243; responsive_spacing=&#8221;eyJwYXJhbV90eXBlIjoid29vZG1hcnRfcmVzcG9uc2l2ZV9zcGFjaW5nIiwic2VsZWN0b3JfaWQiOiI2OGYzMzEzY2QyZjQ0Iiwic2hvcnRjb2RlIjoidmNfcm93IiwiZGF0YSI6eyJ0YWJsZXQiOnt9LCJtb2JpbGUiOnt9fX0=&#8221; mobile_bg_img_hidden=&#8221;no&#8221; tablet_bg_img_hidden=&#8221;no&#8221; woodmart_parallax=&#8221;0&#8243; woodmart_gradient_switch=&#8221;no&#8221; woodmart_box_shadow=&#8221;no&#8221; wd_z_index=&#8221;no&#8221; woodmart_disable_overflow=&#8221;0&#8243; row_reverse_mobile=&#8221;0&#8243; row_reverse_tablet=&#8221;0&#8243;][vc_column]\n\t\t<div id=\"wd-68f427299ef3c\" class=\"title-wrapper wd-wpb wd-set-mb reset-last-child  wd-rs-68f427299ef3c wd-title-color-default wd-title-style-default text-center wd-off-anim wpb_animate_when_almost_visible wpb_fadeIn fadeIn wd-anim-name_fadeIn vc_custom_1760831298835 wd-width-enabled wd-underline-colored\" style=\"--wd-max-width: 80%;\">\n\t\t\t\t\t\t\t\n\t\t\t\t<div class=\"title-subtitle  subtitle-color-default font-default subtitle-style-default wd-font-weight-700 wd-fontsize-xs\">Certificaciones<\/div>\n\t\t\t\n\t\t\t<div class=\"liner-continer\">\n\t\t\t\t<h2 class=\"woodmart-title-container title  wd-font-weight-700 wd-fontsize-l\" >Certificaciones que garantizan<br \/>\nnuestra promesa<\/h2>\n\t\t\t\t\t\t\t<\/div>\n\t\t\t\n\t\t\t\t\t\t\t<div class=\"title-after_title reset-last-child  wd-fontsize-xs\">En un mercado lleno de promesas vac\u00edas, nosotros respondemos con hechos.<\/div>\n\t\t\t\n\t\t\t\n\t\t<\/div>\n\t\t\n\t\t[vc_row_inner equal_height=&#8221;yes&#8221; content_placement=&#8221;middle&#8221; css=&#8221;.vc_custom_1760826786421{margin-top: 20px !important;}&#8221; woodmart_css_id=&#8221;68f41592bd000&#8243; responsive_spacing=&#8221;eyJwYXJhbV90eXBlIjoid29vZG1hcnRfcmVzcG9uc2l2ZV9zcGFjaW5nIiwic2VsZWN0b3JfaWQiOiI2OGY0MTU5MmJkMDAwIiwic2hvcnRjb2RlIjoidmNfcm93X2lubmVyIiwiZGF0YSI6eyJ0YWJsZXQiOnt9LCJtb2JpbGUiOnt9fX0=&#8221; mobile_bg_img_hidden=&#8221;no&#8221; tablet_bg_img_hidden=&#8221;no&#8221; woodmart_parallax=&#8221;0&#8243; woodmart_gradient_switch=&#8221;no&#8221; woodmart_box_shadow=&#8221;no&#8221; wd_z_index=&#8221;no&#8221; woodmart_disable_overflow=&#8221;0&#8243; row_reverse_mobile=&#8221;0&#8243; row_reverse_tablet=&#8221;0&#8243;][vc_column_inner width=&#8221;1\/2&#8243;]\n\t\t<div id=\"wd-68f427d669f8c\" class=\"title-wrapper wd-wpb wd-set-mb reset-last-child  wd-rs-68f427d669f8c wd-title-color-default wd-title-style-default text-left vc_custom_1760831468278 wd-underline-colored\">\n\t\t\t\t\t\t\t\n\t\t\t\t<div class=\"title-subtitle  subtitle-color-default font-default subtitle-style-default wd-font-weight-700 wd-fontsize-xs\">El reto:<\/div>\n\t\t\t\n\t\t\t<div class=\"liner-continer\">\n\t\t\t\t<h2 class=\"woodmart-title-container title  wd-font-weight-700 wd-fontsize-l\" >BPI Certified: El est\u00e1ndar<br \/>\nde oro en<br \/>\ncompostabilidad<\/h2>\n\t\t\t\t\t\t\t<\/div>\n\t\t\t\n\t\t\t\t\t\t\t<div class=\"title-after_title reset-last-child  wd-fontsize-xs\">Esta es la certificaci\u00f3n protagonista para el mercado de EE.UU. Garantiza que nuestros productos se desintegrar\u00e1n de manera segura en instalaciones de compostaje industrial, convirti\u00e9ndose en abono y no en basura. Es tu prueba definitiva contra el ``greenwashing``.<\/div>\n\t\t\t\n\t\t\t\n\t\t<\/div>\n\t\t\n\t\t[\/vc_column_inner][vc_column_inner width=&#8221;1\/2&#8243;]\t\t<div id=\"wd-68f427ee23efc\" class=\"wd-image wd-wpb wd-rs-68f427ee23efc text-center vc_custom_1760831489768\">\n\t\t\t\n\t\t\t<img loading=\"lazy\" decoding=\"async\" width=\"832\" height=\"884\" src=\"https:\/\/wecareproducts.eco\/es\/wp-content\/uploads\/2025\/10\/img-certificacion-01.jpg\" class=\"attachment-full size-full\" alt=\"\" srcset=\"https:\/\/wecareproducts.eco\/es\/wp-content\/uploads\/2025\/10\/img-certificacion-01.jpg 832w, https:\/\/wecareproducts.eco\/es\/wp-content\/uploads\/2025\/10\/img-certificacion-01-282x300.jpg 282w, https:\/\/wecareproducts.eco\/es\/wp-content\/uploads\/2025\/10\/img-certificacion-01-753x800.jpg 753w, https:\/\/wecareproducts.eco\/es\/wp-content\/uploads\/2025\/10\/img-certificacion-01-768x816.jpg 768w, https:\/\/wecareproducts.eco\/es\/wp-content\/uploads\/2025\/10\/img-certificacion-01-430x457.jpg 430w, https:\/\/wecareproducts.eco\/es\/wp-content\/uploads\/2025\/10\/img-certificacion-01-700x744.jpg 700w, https:\/\/wecareproducts.eco\/es\/wp-content\/uploads\/2025\/10\/img-certificacion-01-150x159.jpg 150w\" sizes=\"auto, (max-width: 832px) 100vw, 832px\" \/>\n\t\t\t\t\t<\/div>\n\t\t[\/vc_column_inner][\/vc_row_inner][vc_row_inner equal_height=&#8221;yes&#8221; content_placement=&#8221;middle&#8221; css=&#8221;.vc_custom_1760826786421{margin-top: 20px !important;}&#8221; woodmart_css_id=&#8221;68f41592bd000&#8243; responsive_spacing=&#8221;eyJwYXJhbV90eXBlIjoid29vZG1hcnRfcmVzcG9uc2l2ZV9zcGFjaW5nIiwic2VsZWN0b3JfaWQiOiI2OGY0MTU5MmJkMDAwIiwic2hvcnRjb2RlIjoidmNfcm93X2lubmVyIiwiZGF0YSI6eyJ0YWJsZXQiOnt9LCJtb2JpbGUiOnt9fX0=&#8221; mobile_bg_img_hidden=&#8221;no&#8221; tablet_bg_img_hidden=&#8221;no&#8221; woodmart_parallax=&#8221;0&#8243; woodmart_gradient_switch=&#8221;no&#8221; woodmart_box_shadow=&#8221;no&#8221; wd_z_index=&#8221;no&#8221; woodmart_disable_overflow=&#8221;0&#8243; row_reverse_mobile=&#8221;0&#8243; row_reverse_tablet=&#8221;0&#8243;][vc_column_inner width=&#8221;1\/2&#8243;]\t\t<div id=\"wd-68f4289ce47d3\" class=\"wd-image wd-wpb wd-rs-68f4289ce47d3 text-center vc_custom_1760831669376\">\n\t\t\t\n\t\t\t<img loading=\"lazy\" decoding=\"async\" width=\"832\" height=\"884\" src=\"https:\/\/wecareproducts.eco\/es\/wp-content\/uploads\/2025\/10\/img-certificacion-02.jpg\" class=\"attachment-full size-full\" alt=\"\" srcset=\"https:\/\/wecareproducts.eco\/es\/wp-content\/uploads\/2025\/10\/img-certificacion-02.jpg 832w, https:\/\/wecareproducts.eco\/es\/wp-content\/uploads\/2025\/10\/img-certificacion-02-282x300.jpg 282w, https:\/\/wecareproducts.eco\/es\/wp-content\/uploads\/2025\/10\/img-certificacion-02-753x800.jpg 753w, https:\/\/wecareproducts.eco\/es\/wp-content\/uploads\/2025\/10\/img-certificacion-02-768x816.jpg 768w, https:\/\/wecareproducts.eco\/es\/wp-content\/uploads\/2025\/10\/img-certificacion-02-430x457.jpg 430w, https:\/\/wecareproducts.eco\/es\/wp-content\/uploads\/2025\/10\/img-certificacion-02-700x744.jpg 700w, https:\/\/wecareproducts.eco\/es\/wp-content\/uploads\/2025\/10\/img-certificacion-02-150x159.jpg 150w\" sizes=\"auto, (max-width: 832px) 100vw, 832px\" \/>\n\t\t\t\t\t<\/div>\n\t\t[\/vc_column_inner][vc_column_inner width=&#8221;1\/2&#8243;]\n\t\t<div id=\"wd-68f428b6bff0d\" class=\"title-wrapper wd-wpb wd-set-mb reset-last-child  wd-rs-68f428b6bff0d wd-title-color-default wd-title-style-default text-left vc_custom_1760831691066 wd-underline-colored\">\n\t\t\t\t\t\t\t\n\t\t\t\t<div class=\"title-subtitle  subtitle-color-default font-default subtitle-style-default wd-font-weight-700 wd-fontsize-xs\">La meta:<\/div>\n\t\t\t\n\t\t\t<div class=\"liner-continer\">\n\t\t\t\t<h2 class=\"woodmart-title-container title  wd-font-weight-700 wd-fontsize-l\" >Cumplimiento FDA:<br \/>\nSeguridad para<br \/>\ntus clientes<\/h2>\n\t\t\t\t\t\t\t<\/div>\n\t\t\t\n\t\t\t\t\t\t\t<div class=\"title-after_title reset-last-child  wd-fontsize-xs\">Todos nuestros productos para alimentos cumplen con las regulaciones de la Administraci\u00f3n de Alimentos y Medicamentos de EE.UU. (FDA), asegurando que son completamente seguros para el contacto con alimentos.<\/div>\n\t\t\t\n\t\t\t\n\t\t<\/div>\n\t\t\n\t\t[\/vc_column_inner][\/vc_row_inner][\/vc_column][\/vc_row]<\/p>\n<\/div>","protected":false},"excerpt":{"rendered":"<p>[vc_row equal_height=&#8221;yes&#8221; content_placement=&#8221;middle&#8221; css=&#8221;.vc_custom_1760626486568{padding-top: 20px !important;padding-bottom: 40px !important;}&#8221; woodmart_css_id=&#8221;68f1072d3fb3d&#8221; responsive_spacing=&#8221;eyJwYXJhbV90eXBlIjoid29vZG1hcnRfcmVzcG9uc2l2ZV9zcGFjaW5nIiwic2VsZWN0b3JfaWQiOiI2OGYxMDcyZDNmYjNkIiwic2hvcnRjb2RlIjoidmNfcm93IiwiZGF0YSI6eyJ0YWJsZXQiOnt9LCJtb2JpbGUiOnt9fX0=&#8221; mobile_bg_img_hidden=&#8221;no&#8221; tablet_bg_img_hidden=&#8221;no&#8221; woodmart_parallax=&#8221;0&#8243; woodmart_gradient_switch=&#8221;no&#8221; woodmart_box_shadow=&#8221;no&#8221; wd_z_index=&#8221;no&#8221; woodmart_disable_overflow=&#8221;0&#8243; row_reverse_mobile=&#8221;0&#8243; row_reverse_tablet=&#8221;0&#8243;][vc_column width=&#8221;1\/2&#8243;][\/vc_column][vc_column<\/p>\n","protected":false},"author":1,"featured_media":0,"parent":0,"menu_order":0,"comment_status":"closed","ping_status":"closed","template":"","meta":{"_joinchat":[],"footnotes":""},"class_list":["post-10612","page","type-page","status-publish","hentry"],"_links":{"self":[{"href":"https:\/\/wecareproducts.eco\/es\/wp-json\/wp\/v2\/pages\/10612","targetHints":{"allow":["GET"]}}],"collection":[{"href":"https:\/\/wecareproducts.eco\/es\/wp-json\/wp\/v2\/pages"}],"about":[{"href":"https:\/\/wecareproducts.eco\/es\/wp-json\/wp\/v2\/types\/page"}],"author":[{"embeddable":true,"href":"https:\/\/wecareproducts.eco\/es\/wp-json\/wp\/v2\/users\/1"}],"replies":[{"embeddable":true,"href":"https:\/\/wecareproducts.eco\/es\/wp-json\/wp\/v2\/comments?post=10612"}],"version-history":[{"count":24,"href":"https:\/\/wecareproducts.eco\/es\/wp-json\/wp\/v2\/pages\/10612\/revisions"}],"predecessor-version":[{"id":11206,"href":"https:\/\/wecareproducts.eco\/es\/wp-json\/wp\/v2\/pages\/10612\/revisions\/11206"}],"wp:attachment":[{"href":"https:\/\/wecareproducts.eco\/es\/wp-json\/wp\/v2\/media?parent=10612"}],"curies":[{"name":"wp","href":"https:\/\/api.w.org\/{rel}","templated":true}]}}